{"id":1260,"date":"2025-11-24T11:30:31","date_gmt":"2025-11-24T10:30:31","guid":{"rendered":"https:\/\/www.kelvintech.hu\/?page_id=1260"},"modified":"2025-11-25T13:27:30","modified_gmt":"2025-11-25T12:27:30","slug":"blog","status":"publish","type":"page","link":"https:\/\/www.kelvintech.hu\/en\/blog\/","title":{"rendered":"Blog"},"content":{"rendered":"<div data-elementor-type=\"wp-page\" data-elementor-id=\"1260\" class=\"elementor elementor-1260\" data-elementor-post-type=\"page\">\n\t\t\t\t\t\t<section class=\"elementor-section elementor-top-section elementor-element elementor-element-1998396 elementor-section-boxed elementor-section-height-default elementor-section-height-default\" data-id=\"1998396\" data-element_type=\"section\" data-settings=\"{&quot;background_background&quot;:&quot;classic&quot;}\">\n\t\t\t\t\t\t\t<div class=\"elementor-background-overlay\"><\/div>\n\t\t\t\t\t\t\t<div class=\"elementor-container elementor-column-gap-default\">\n\t\t\t\t\t<div class=\"elementor-column elementor-col-100 elementor-top-column elementor-element elementor-element-db8fe83\" data-id=\"db8fe83\" data-element_type=\"column\">\n\t\t\t<div class=\"elementor-widget-wrap elementor-element-populated\">\n\t\t\t\t\t\t<div class=\"elementor-element elementor-element-7539996 elementor-invisible elementor-widget elementor-widget-heading\" data-id=\"7539996\" data-element_type=\"widget\" data-settings=\"{&quot;_animation&quot;:&quot;fadeInDown&quot;}\" data-widget_type=\"heading.default\">\n\t\t\t\t<div class=\"elementor-widget-container\">\n\t\t\t\t\t<h2 class=\"elementor-heading-title elementor-size-default\">We started the Kelvintech Blog because insulation is never just \u201cbackground work.\u201d<\/h2>\t\t\t\t<\/div>\n\t\t\t\t<\/div>\n\t\t\t\t<div class=\"elementor-element elementor-element-e8a8669 elementor-invisible elementor-widget elementor-widget-text-editor\" data-id=\"e8a8669\" data-element_type=\"widget\" data-settings=\"{&quot;_animation&quot;:&quot;fadeInDown&quot;,&quot;_animation_delay&quot;:100}\" data-widget_type=\"text-editor.default\">\n\t\t\t\t<div class=\"elementor-widget-container\">\n\t\t\t\t\t\t\t\t\t<div>Energy consumption, return on investment, and operational safety are all decided here.<br \/>No empty statements here: <b>real projects, real numbers, real results.<\/b>.<br \/><br \/>If you\u2019re an industrial decision-maker looking for accurate, reliable information, this is not just content \u2014<br \/><br \/><b>it\u2019s an advantage you can measure in real money.<\/b><\/div>\t\t\t\t\t\t\t\t<\/div>\n\t\t\t\t<\/div>\n\t\t\t\t\t<\/div>\n\t\t<\/div>\n\t\t\t\t\t<\/div>\n\t\t<\/section>\n\t\t<div class=\"elementor-element elementor-element-029652a e-flex e-con-boxed e-con e-parent\" data-id=\"029652a\" data-element_type=\"container\">\n\t\t\t\t\t<div class=\"e-con-inner\">\n\t\t\t\t<div class=\"elementor-element elementor-element-ab34ac7 poster elementor-grid-3 elementor-grid-tablet-2 elementor-grid-mobile-1 elementor-posts--thumbnail-top elementor-card-shadow-yes elementor-posts__hover-gradient elementor-widget elementor-widget-posts\" data-id=\"ab34ac7\" data-element_type=\"widget\" data-settings=\"{&quot;cards_columns&quot;:&quot;3&quot;,&quot;cards_columns_tablet&quot;:&quot;2&quot;,&quot;cards_columns_mobile&quot;:&quot;1&quot;,&quot;cards_row_gap&quot;:{&quot;unit&quot;:&quot;px&quot;,&quot;size&quot;:35,&quot;sizes&quot;:[]},&quot;cards_row_gap_tablet&quot;:{&quot;unit&quot;:&quot;px&quot;,&quot;size&quot;:&quot;&quot;,&quot;sizes&quot;:[]},&quot;cards_row_gap_mobile&quot;:{&quot;unit&quot;:&quot;px&quot;,&quot;size&quot;:&quot;&quot;,&quot;sizes&quot;:[]}}\" data-widget_type=\"posts.cards\">\n\t\t\t\t<div class=\"elementor-widget-container\">\n\t\t\t\t\t\t\t<div class=\"elementor-posts-container elementor-posts elementor-posts--skin-cards elementor-grid\" role=\"list\">\n\t\t\t\t<article class=\"elementor-post elementor-grid-item post-1338 post type-post status-publish format-standard has-post-thumbnail hentry category-egyeb\" role=\"listitem\">\n\t\t\t<div class=\"elementor-post__card\">\n\t\t\t\t<a class=\"elementor-post__thumbnail__link\" href=\"https:\/\/www.kelvintech.hu\/en\/2025\/11\/26\/a-szigeteles-amit-nem-kell-soha-tobbe-kidobni\/\" tabindex=\"-1\" ><div class=\"elementor-post__thumbnail\"><img fetchpriority=\"high\" decoding=\"async\" width=\"300\" height=\"225\" src=\"https:\/\/www.kelvintech.hu\/wp-content\/uploads\/2025\/11\/IMG_3817-300x225.webp\" class=\"attachment-medium size-medium wp-image-1531\" alt=\"Kelvintech bevarrt szigetel\u00e9s\" srcset=\"https:\/\/www.kelvintech.hu\/wp-content\/uploads\/2025\/11\/IMG_3817-300x225.webp 300w, https:\/\/www.kelvintech.hu\/wp-content\/uploads\/2025\/11\/IMG_3817-1024x768.webp 1024w, https:\/\/www.kelvintech.hu\/wp-content\/uploads\/2025\/11\/IMG_3817-768x576.webp 768w, https:\/\/www.kelvintech.hu\/wp-content\/uploads\/2025\/11\/IMG_3817-16x12.webp 16w, https:\/\/www.kelvintech.hu\/wp-content\/uploads\/2025\/11\/IMG_3817.webp 1240w\" sizes=\"(max-width: 300px) 100vw, 300px\" \/><\/div><\/a>\n\t\t\t\t<div class=\"elementor-post__text\">\n\t\t\t\t<h3 class=\"elementor-post__title\">\n\t\t\t<a href=\"https:\/\/www.kelvintech.hu\/en\/2025\/11\/26\/a-szigeteles-amit-nem-kell-soha-tobbe-kidobni\/\" >\n\t\t\t\tInsulation You Won\u2019t Need to Replace for Years\t\t\t<\/a>\n\t\t<\/h3>\n\t\t\t\t<div class=\"elementor-post__excerpt\">\n\t\t\t<p>Insulation you won\u2019t need to throw away for years \u2013 Why removable industrial insulation is the future of sustainability. Most industrial decision-makers don\u2019t need\u2026<\/p>\n\t\t<\/div>\n\t\t\n\t\t<a class=\"elementor-post__read-more\" href=\"https:\/\/www.kelvintech.hu\/en\/2025\/11\/26\/a-szigeteles-amit-nem-kell-soha-tobbe-kidobni\/\" aria-label=\"Read more about A szigetel\u00e9s, amit sz\u00e1mos \u00e9ven \u00e1t nem fog kelleni kidobni\" tabindex=\"-1\" >\n\t\t\tREAD MORE \u00bb\t\t<\/a>\n\n\t\t\t\t<\/div>\n\t\t\t\t\t<\/div>\n\t\t<\/article>\n\t\t\t\t<article class=\"elementor-post elementor-grid-item post-1319 post type-post status-publish format-standard has-post-thumbnail hentry category-egyeb\" role=\"listitem\">\n\t\t\t<div class=\"elementor-post__card\">\n\t\t\t\t<a class=\"elementor-post__thumbnail__link\" href=\"https:\/\/www.kelvintech.hu\/en\/2025\/11\/24\/mit-bizonyit-703-paplan-es-913-mindent\/\" tabindex=\"-1\" ><div class=\"elementor-post__thumbnail\"><img decoding=\"async\" width=\"225\" height=\"300\" src=\"https:\/\/www.kelvintech.hu\/wp-content\/uploads\/2025\/11\/IMG_9062-225x300.webp\" class=\"attachment-medium size-medium wp-image-1538\" alt=\"Kelvintech bevarrt szigetel\u00e9s\" srcset=\"https:\/\/www.kelvintech.hu\/wp-content\/uploads\/2025\/11\/IMG_9062-225x300.webp 225w, https:\/\/www.kelvintech.hu\/wp-content\/uploads\/2025\/11\/IMG_9062-768x1024.webp 768w, https:\/\/www.kelvintech.hu\/wp-content\/uploads\/2025\/11\/IMG_9062-1152x1536.webp 1152w, https:\/\/www.kelvintech.hu\/wp-content\/uploads\/2025\/11\/IMG_9062-9x12.webp 9w, https:\/\/www.kelvintech.hu\/wp-content\/uploads\/2025\/11\/IMG_9062.webp 1240w\" sizes=\"(max-width: 225px) 100vw, 225px\" \/><\/div><\/a>\n\t\t\t\t<div class=\"elementor-post__text\">\n\t\t\t\t<h3 class=\"elementor-post__title\">\n\t\t\t<a href=\"https:\/\/www.kelvintech.hu\/en\/2025\/11\/24\/mit-bizonyit-703-paplan-es-913-mindent\/\" >\n\t\t\t\t\u201cWhat does the 703 insulation blanket prove? And the 913? Everything.\u201d\t\t\t<\/a>\n\t\t<\/h3>\n\t\t\t\t<div class=\"elementor-post__excerpt\">\n\t\t\t<p>\u201cWhat does the 703 insulation blanket prove? And the 913? Everything.\u201d Henkel \u2013 703 blanket. 2,806 production hours. 562 insulated components. How Kelvintech builds trust through real-world\u2026<\/p>\n\t\t<\/div>\n\t\t\n\t\t<a class=\"elementor-post__read-more\" href=\"https:\/\/www.kelvintech.hu\/en\/2025\/11\/24\/mit-bizonyit-703-paplan-es-913-mindent\/\" aria-label=\"Read more about \u201eMit bizony\u00edt 703 paplan? \u00c9s 913? Mindent.\u201d\" tabindex=\"-1\" >\n\t\t\tREAD MORE \u00bb\t\t<\/a>\n\n\t\t\t\t<\/div>\n\t\t\t\t\t<\/div>\n\t\t<\/article>\n\t\t\t\t<article class=\"elementor-post elementor-grid-item post-1278 post type-post status-publish format-standard has-post-thumbnail hentry category-egyeb\" role=\"listitem\">\n\t\t\t<div class=\"elementor-post__card\">\n\t\t\t\t<a class=\"elementor-post__thumbnail__link\" href=\"https:\/\/www.kelvintech.hu\/en\/2025\/11\/24\/ha-mar-meleg-van-legalabb-tartsa-bent-a-hot-is-a-penzt-is\/\" tabindex=\"-1\" ><div class=\"elementor-post__thumbnail\"><img decoding=\"async\" width=\"300\" height=\"225\" src=\"https:\/\/www.kelvintech.hu\/wp-content\/uploads\/2025\/11\/IMG_8240-300x225.webp\" class=\"attachment-medium size-medium wp-image-1527\" alt=\"Kelvintech bevarrt szigetel\u00e9s\" srcset=\"https:\/\/www.kelvintech.hu\/wp-content\/uploads\/2025\/11\/IMG_8240-300x225.webp 300w, https:\/\/www.kelvintech.hu\/wp-content\/uploads\/2025\/11\/IMG_8240-1024x768.webp 1024w, https:\/\/www.kelvintech.hu\/wp-content\/uploads\/2025\/11\/IMG_8240-768x576.webp 768w, https:\/\/www.kelvintech.hu\/wp-content\/uploads\/2025\/11\/IMG_8240-1536x1152.webp 1536w, https:\/\/www.kelvintech.hu\/wp-content\/uploads\/2025\/11\/IMG_8240-2048x1536.webp 2048w, https:\/\/www.kelvintech.hu\/wp-content\/uploads\/2025\/11\/IMG_8240-16x12.webp 16w\" sizes=\"(max-width: 300px) 100vw, 300px\" \/><\/div><\/a>\n\t\t\t\t<div class=\"elementor-post__text\">\n\t\t\t\t<h3 class=\"elementor-post__title\">\n\t\t\t<a href=\"https:\/\/www.kelvintech.hu\/en\/2025\/11\/24\/ha-mar-meleg-van-legalabb-tartsa-bent-a-hot-is-a-penzt-is\/\" >\n\t\t\t\tIf It\u2019s Already Hot, At Least Keep It Inside \u2013 The Heat and the Money Too.\t\t\t<\/a>\n\t\t<\/h3>\n\t\t\t\t<div class=\"elementor-post__excerpt\">\n\t\t\t<p>If it\u2019s already hot, at least keep it inside \u2013 the heat and the money as well. There comes a point when you walk through a production facility and\u2026<\/p>\n\t\t<\/div>\n\t\t\n\t\t<a class=\"elementor-post__read-more\" href=\"https:\/\/www.kelvintech.hu\/en\/2025\/11\/24\/ha-mar-meleg-van-legalabb-tartsa-bent-a-hot-is-a-penzt-is\/\" aria-label=\"Read more about Ha m\u00e1r meleg van, legal\u00e1bb tartsa bent \u2013 a h\u0151t is, a p\u00e9nzt is.\" tabindex=\"-1\" >\n\t\t\tREAD MORE \u00bb\t\t<\/a>\n\n\t\t\t\t<\/div>\n\t\t\t\t\t<\/div>\n\t\t<\/article>\n\t\t\t\t<\/div>\n\t\t\n\t\t\t\t\t\t<\/div>\n\t\t\t\t<\/div>\n\t\t\t\t\t<\/div>\n\t\t\t\t<\/div>\n\t\t\t\t<\/div>","protected":false},"excerpt":{"rendered":"<p>A Kelvintech Blogot az\u00e9rt ind\u00edtottuk, mert a szigetel\u00e9s nem h\u00e1tt\u00e9rmunka. Az energiafogyaszt\u00e1s, a megt\u00e9r\u00fcl\u00e9s \u00e9s az \u00fczemi biztons\u00e1g mind itt d\u0151l el.Itt nincsenek \u00fcres mondatok: val\u00f3s projektek, val\u00f3di sz\u00e1mok, val\u00f3di eredm\u00e9nyek. Ha ipari d\u00f6nt\u00e9shoz\u00f3k\u00e9nt pontos, megb\u00edzhat\u00f3 inform\u00e1ci\u00f3ra van sz\u00fcks\u00e9ge, ez a hely \u00d6nnek nem tartalmat ad \u2014 hanem forintokban m\u00e9rhet\u0151 el\u0151nyt.<\/p>","protected":false},"author":2,"featured_media":0,"parent":0,"menu_order":0,"comment_status":"closed","ping_status":"closed","template":"","meta":{"footnotes":""},"class_list":["post-1260","page","type-page","status-publish","hentry"],"yoast_head":"<!-- This site is optimized with the Yoast SEO plugin v27.1.1 - https:\/\/yoast.com\/product\/yoast-seo-wordpress\/ -->\n<title>Blog - Kelvintech<\/title>\n<meta name=\"robots\" content=\"index, follow, max-snippet:-1, max-image-preview:large, max-video-preview:-1\" \/>\n<link rel=\"canonical\" href=\"https:\/\/www.kelvintech.hu\/en\/blog\/\" \/>\n<meta property=\"og:locale\" content=\"en_US\" \/>\n<meta property=\"og:type\" content=\"article\" \/>\n<meta property=\"og:title\" content=\"Blog - Kelvintech\" \/>\n<meta property=\"og:description\" content=\"A Kelvintech Blogot az\u00e9rt ind\u00edtottuk, mert a szigetel\u00e9s nem h\u00e1tt\u00e9rmunka. Az energiafogyaszt\u00e1s, a megt\u00e9r\u00fcl\u00e9s \u00e9s az \u00fczemi biztons\u00e1g mind itt d\u0151l el.Itt nincsenek \u00fcres mondatok: val\u00f3s projektek, val\u00f3di sz\u00e1mok, val\u00f3di eredm\u00e9nyek. Ha ipari d\u00f6nt\u00e9shoz\u00f3k\u00e9nt pontos, megb\u00edzhat\u00f3 inform\u00e1ci\u00f3ra van sz\u00fcks\u00e9ge, ez a hely \u00d6nnek nem tartalmat ad \u2014 hanem forintokban m\u00e9rhet\u0151 el\u0151nyt.\" \/>\n<meta property=\"og:url\" content=\"https:\/\/www.kelvintech.hu\/en\/blog\/\" \/>\n<meta property=\"og:site_name\" content=\"Kelvintech\" \/>\n<meta property=\"article:modified_time\" content=\"2025-11-25T12:27:30+00:00\" \/>\n<meta name=\"twitter:card\" content=\"summary_large_image\" \/>\n<meta name=\"twitter:label1\" content=\"Est. reading time\" \/>\n\t<meta name=\"twitter:data1\" content=\"2 minutes\" \/>\n<script type=\"application\/ld+json\" class=\"yoast-schema-graph\">{\"@context\":\"https:\/\/schema.org\",\"@graph\":[{\"@type\":\"WebPage\",\"@id\":\"https:\/\/www.kelvintech.hu\/blog\/\",\"url\":\"https:\/\/www.kelvintech.hu\/blog\/\",\"name\":\"Blog - Kelvintech\",\"isPartOf\":{\"@id\":\"https:\/\/www.kelvintech.hu\/#website\"},\"datePublished\":\"2025-11-24T10:30:31+00:00\",\"dateModified\":\"2025-11-25T12:27:30+00:00\",\"breadcrumb\":{\"@id\":\"https:\/\/www.kelvintech.hu\/blog\/#breadcrumb\"},\"inLanguage\":\"en-US\",\"potentialAction\":[{\"@type\":\"ReadAction\",\"target\":[\"https:\/\/www.kelvintech.hu\/blog\/\"]}]},{\"@type\":\"BreadcrumbList\",\"@id\":\"https:\/\/www.kelvintech.hu\/blog\/#breadcrumb\",\"itemListElement\":[{\"@type\":\"ListItem\",\"position\":1,\"name\":\"Kezd\u0151lap\",\"item\":\"https:\/\/www.kelvintech.hu\/\"},{\"@type\":\"ListItem\",\"position\":2,\"name\":\"Blog\"}]},{\"@type\":\"WebSite\",\"@id\":\"https:\/\/www.kelvintech.hu\/#website\",\"url\":\"https:\/\/www.kelvintech.hu\/\",\"name\":\"Kelvintech\",\"description\":\"\",\"publisher\":{\"@id\":\"https:\/\/www.kelvintech.hu\/#organization\"},\"potentialAction\":[{\"@type\":\"SearchAction\",\"target\":{\"@type\":\"EntryPoint\",\"urlTemplate\":\"https:\/\/www.kelvintech.hu\/?s={search_term_string}\"},\"query-input\":{\"@type\":\"PropertyValueSpecification\",\"valueRequired\":true,\"valueName\":\"search_term_string\"}}],\"inLanguage\":\"en-US\"},{\"@type\":\"Organization\",\"@id\":\"https:\/\/www.kelvintech.hu\/#organization\",\"name\":\"Kelvintech\",\"url\":\"https:\/\/www.kelvintech.hu\/\",\"logo\":{\"@type\":\"ImageObject\",\"inLanguage\":\"en-US\",\"@id\":\"https:\/\/www.kelvintech.hu\/#\/schema\/logo\/image\/\",\"url\":\"https:\/\/www.kelvintech.hu\/wp-content\/uploads\/2024\/02\/logo_atmeneti-scaled.jpg\",\"contentUrl\":\"https:\/\/www.kelvintech.hu\/wp-content\/uploads\/2024\/02\/logo_atmeneti-scaled.jpg\",\"width\":2560,\"height\":833,\"caption\":\"Kelvintech\"},\"image\":{\"@id\":\"https:\/\/www.kelvintech.hu\/#\/schema\/logo\/image\/\"}}]}<\/script>\n<!-- \/ Yoast SEO plugin. -->","yoast_head_json":{"title":"Blog - Kelvintech","robots":{"index":"index","follow":"follow","max-snippet":"max-snippet:-1","max-image-preview":"max-image-preview:large","max-video-preview":"max-video-preview:-1"},"canonical":"https:\/\/www.kelvintech.hu\/en\/blog\/","og_locale":"en_US","og_type":"article","og_title":"Blog - Kelvintech","og_description":"A Kelvintech Blogot az\u00e9rt ind\u00edtottuk, mert a szigetel\u00e9s nem h\u00e1tt\u00e9rmunka. Az energiafogyaszt\u00e1s, a megt\u00e9r\u00fcl\u00e9s \u00e9s az \u00fczemi biztons\u00e1g mind itt d\u0151l el.Itt nincsenek \u00fcres mondatok: val\u00f3s projektek, val\u00f3di sz\u00e1mok, val\u00f3di eredm\u00e9nyek. Ha ipari d\u00f6nt\u00e9shoz\u00f3k\u00e9nt pontos, megb\u00edzhat\u00f3 inform\u00e1ci\u00f3ra van sz\u00fcks\u00e9ge, ez a hely \u00d6nnek nem tartalmat ad \u2014 hanem forintokban m\u00e9rhet\u0151 el\u0151nyt.","og_url":"https:\/\/www.kelvintech.hu\/en\/blog\/","og_site_name":"Kelvintech","article_modified_time":"2025-11-25T12:27:30+00:00","twitter_card":"summary_large_image","twitter_misc":{"Est. reading time":"2 minutes"},"schema":{"@context":"https:\/\/schema.org","@graph":[{"@type":"WebPage","@id":"https:\/\/www.kelvintech.hu\/blog\/","url":"https:\/\/www.kelvintech.hu\/blog\/","name":"Blog - Kelvintech","isPartOf":{"@id":"https:\/\/www.kelvintech.hu\/#website"},"datePublished":"2025-11-24T10:30:31+00:00","dateModified":"2025-11-25T12:27:30+00:00","breadcrumb":{"@id":"https:\/\/www.kelvintech.hu\/blog\/#breadcrumb"},"inLanguage":"en-US","potentialAction":[{"@type":"ReadAction","target":["https:\/\/www.kelvintech.hu\/blog\/"]}]},{"@type":"BreadcrumbList","@id":"https:\/\/www.kelvintech.hu\/blog\/#breadcrumb","itemListElement":[{"@type":"ListItem","position":1,"name":"Kezd\u0151lap","item":"https:\/\/www.kelvintech.hu\/"},{"@type":"ListItem","position":2,"name":"Blog"}]},{"@type":"WebSite","@id":"https:\/\/www.kelvintech.hu\/#website","url":"https:\/\/www.kelvintech.hu\/","name":"Kelvintech","description":"","publisher":{"@id":"https:\/\/www.kelvintech.hu\/#organization"},"potentialAction":[{"@type":"SearchAction","target":{"@type":"EntryPoint","urlTemplate":"https:\/\/www.kelvintech.hu\/?s={search_term_string}"},"query-input":{"@type":"PropertyValueSpecification","valueRequired":true,"valueName":"search_term_string"}}],"inLanguage":"en-US"},{"@type":"Organization","@id":"https:\/\/www.kelvintech.hu\/#organization","name":"Kelvintech","url":"https:\/\/www.kelvintech.hu\/","logo":{"@type":"ImageObject","inLanguage":"en-US","@id":"https:\/\/www.kelvintech.hu\/#\/schema\/logo\/image\/","url":"https:\/\/www.kelvintech.hu\/wp-content\/uploads\/2024\/02\/logo_atmeneti-scaled.jpg","contentUrl":"https:\/\/www.kelvintech.hu\/wp-content\/uploads\/2024\/02\/logo_atmeneti-scaled.jpg","width":2560,"height":833,"caption":"Kelvintech"},"image":{"@id":"https:\/\/www.kelvintech.hu\/#\/schema\/logo\/image\/"}}]}},"_links":{"self":[{"href":"https:\/\/www.kelvintech.hu\/en\/wp-json\/wp\/v2\/pages\/1260","targetHints":{"allow":["GET"]}}],"collection":[{"href":"https:\/\/www.kelvintech.hu\/en\/wp-json\/wp\/v2\/pages"}],"about":[{"href":"https:\/\/www.kelvintech.hu\/en\/wp-json\/wp\/v2\/types\/page"}],"author":[{"embeddable":true,"href":"https:\/\/www.kelvintech.hu\/en\/wp-json\/wp\/v2\/users\/2"}],"replies":[{"embeddable":true,"href":"https:\/\/www.kelvintech.hu\/en\/wp-json\/wp\/v2\/comments?post=1260"}],"version-history":[{"count":25,"href":"https:\/\/www.kelvintech.hu\/en\/wp-json\/wp\/v2\/pages\/1260\/revisions"}],"predecessor-version":[{"id":1439,"href":"https:\/\/www.kelvintech.hu\/en\/wp-json\/wp\/v2\/pages\/1260\/revisions\/1439"}],"wp:attachment":[{"href":"https:\/\/www.kelvintech.hu\/en\/wp-json\/wp\/v2\/media?parent=1260"}],"curies":[{"name":"wp","href":"https:\/\/api.w.org\/{rel}","templated":true}]}}